{"id":66192,"date":"2024-04-05T09:44:13","date_gmt":"2024-04-05T04:14:13","guid":{"rendered":"https:\/\/technoshell.com\/quest-ce-que-la-dorure-a-chaud\/"},"modified":"2025-08-18T13:32:06","modified_gmt":"2025-08-18T08:02:06","slug":"quest-ce-que-la-dorure-a-chaud","status":"publish","type":"page","link":"https:\/\/technoshell.com\/fr\/quest-ce-que-la-dorure-a-chaud\/","title":{"rendered":"Qu&rsquo;est-ce que la dorure \u00e0 chaud ?"},"content":{"rendered":"\t\t<div data-elementor-type=\"wp-page\" data-elementor-id=\"66192\" class=\"elementor elementor-66192 elementor-22512\" data-elementor-post-type=\"page\">\n\t\t\t\t<div data-particle_enable=\"false\" data-particle-mobile-disabled=\"false\" class=\"elementor-element elementor-element-906f561 e-con-full e-flex e-con e-parent\" data-id=\"906f561\" data-element_type=\"container\" data-e-type=\"container\">\n\t\t<div data-particle_enable=\"false\" data-particle-mobile-disabled=\"false\" class=\"elementor-element elementor-element-cb13dae e-flex e-con-boxed e-con e-child\" data-id=\"cb13dae\" data-element_type=\"container\" data-e-type=\"container\" data-settings=\"{&quot;background_background&quot;:&quot;classic&quot;}\">\n\t\t\t\t\t<div class=\"e-con-inner\">\n\t\t<div data-particle_enable=\"false\" data-particle-mobile-disabled=\"false\" class=\"elementor-element elementor-element-8384a9c e-con-full e-flex e-con e-child\" data-id=\"8384a9c\" data-element_type=\"container\" data-e-type=\"container\">\n\t\t\t\t<div class=\"elementor-element elementor-element-b24f7bf elementor-widget elementor-widget-text-editor\" data-id=\"b24f7bf\" data-element_type=\"widget\" data-e-type=\"widget\" data-widget_type=\"text-editor.default\">\n\t\t\t\t<div class=\"elementor-widget-container\">\n\t\t\t\t\t\t\t\t\t<p style=\"text-align: left;\"><span style=\"font-size: 36px;\"><span style=\"color: #ffffff;\"><b>\u00c0 propos de Technoshell<\/b><\/span><\/span><\/p>\t\t\t\t\t\t\t\t<\/div>\n\t\t\t\t<\/div>\n\t\t\t\t<\/div>\n\t\t<div data-particle_enable=\"false\" data-particle-mobile-disabled=\"false\" class=\"elementor-element elementor-element-468292e e-con-full e-flex e-con e-child\" data-id=\"468292e\" data-element_type=\"container\" data-e-type=\"container\">\n\t\t\t\t<div class=\"elementor-element elementor-element-b077ee8 elementor-hidden-mobile elementor-widget elementor-widget-text-editor\" data-id=\"b077ee8\" data-element_type=\"widget\" data-e-type=\"widget\" data-widget_type=\"text-editor.default\">\n\t\t\t\t<div class=\"elementor-widget-container\">\n\t\t\t\t\t\t\t\t\t<p><span style=\"font-size: 21px; color: #ffffff;\">Nous nous effor\u00e7ons de fournir d&rsquo;<strong>excellentes machines<\/strong> par le biais de<br><strong>Innovation et d&rsquo;une ing\u00e9nierie fiable<\/strong> tout en garantissant des <strong>co\u00fbts abordables<\/strong>.<\/span><\/p>\t\t\t\t\t\t\t\t<\/div>\n\t\t\t\t<\/div>\n\t\t\t\t<\/div>\n\t\t\t\t\t<\/div>\n\t\t\t\t<\/div>\n\t\t\t\t<\/div>\n\t\t<div data-particle_enable=\"false\" data-particle-mobile-disabled=\"false\" class=\"elementor-element elementor-element-1ceaafb e-flex e-con-boxed e-con e-parent\" data-id=\"1ceaafb\" data-element_type=\"container\" data-e-type=\"container\" data-settings=\"{&quot;background_background&quot;:&quot;classic&quot;}\">\n\t\t\t\t\t<div class=\"e-con-inner\">\n\t\t<div data-particle_enable=\"false\" data-particle-mobile-disabled=\"false\" class=\"elementor-element elementor-element-518904a e-flex e-con-boxed e-con e-child\" data-id=\"518904a\" data-element_type=\"container\" data-e-type=\"container\" data-settings=\"{&quot;background_background&quot;:&quot;classic&quot;}\">\n\t\t\t\t\t<div class=\"e-con-inner\">\n\t\t<div class=\"lqd-css-sticky elementor-element elementor-element-0417aa9 e-con-full e-flex e-con e-child\" style=\"top: auto; bottom: 30px;\" data-particle_enable=\"false\" data-particle-mobile-disabled=\"false\" data-id=\"0417aa9\" data-element_type=\"container\" data-e-type=\"container\">\n\t\t\t\t<div class=\"elementor-element elementor-element-f744923 elementor-widget__width-initial elementor-widget elementor-widget-ld_fancy_image\" data-id=\"f744923\" data-element_type=\"widget\" data-e-type=\"widget\" data-widget_type=\"ld_fancy_image.default\">\n\t\t\t\t<div class=\"elementor-widget-container\">\n\t\t\t\t\t\n\t\t<div class=\"lqd-imggrp-single d-block pos-rel \">\n\t\t\t<div class=\"lqd-imggrp-img-container d-inline-flex pos-rel align-items-center justify-content-center \">\n\t\t\t\t\t\t\t\t<figure class=\"w-100 pos-rel\">\n\t\t\t\t\t<img data-recalc-dims=\"1\" fetchpriority=\"high\" decoding=\"async\" width=\"780\" height=\"439\" src=\"https:\/\/i0.wp.com\/technoshell.com\/wp-content\/uploads\/2024\/03\/frame-000036-14.jpg?resize=780%2C439&#038;ssl=1\" class=\"attachment-full size-full wp-image-20476\" alt=\"frame 000036 14\" srcset=\"https:\/\/i0.wp.com\/technoshell.com\/wp-content\/uploads\/2024\/03\/frame-000036-14.jpg?w=1920&amp;ssl=1 1920w, https:\/\/i0.wp.com\/technoshell.com\/wp-content\/uploads\/2024\/03\/frame-000036-14.jpg?resize=300%2C169&amp;ssl=1 300w, https:\/\/i0.wp.com\/technoshell.com\/wp-content\/uploads\/2024\/03\/frame-000036-14.jpg?resize=1024%2C576&amp;ssl=1 1024w, https:\/\/i0.wp.com\/technoshell.com\/wp-content\/uploads\/2024\/03\/frame-000036-14.jpg?resize=1536%2C864&amp;ssl=1 1536w, https:\/\/i0.wp.com\/technoshell.com\/wp-content\/uploads\/2024\/03\/frame-000036-14.jpg?resize=1200%2C675&amp;ssl=1 1200w\" sizes=\"(max-width: 780px) 100vw, 780px\" data-attachment-id=\"20476\" data-permalink=\"https:\/\/technoshell.com\/fr\/scrollsequence\/150-cs\/frame-000036-15\/\" data-orig-file=\"https:\/\/technoshell.com\/wp-content\/uploads\/2024\/03\/frame-000036-14.jpg\" data-orig-size=\"1920,1080\" data-comments-opened=\"1\" data-image-meta=\"{&quot;aperture&quot;:&quot;0&quot;,&quot;credit&quot;:&quot;&quot;,&quot;camera&quot;:&quot;&quot;,&quot;caption&quot;:&quot;&quot;,&quot;created_timestamp&quot;:&quot;0&quot;,&quot;copyright&quot;:&quot;&quot;,&quot;focal_length&quot;:&quot;0&quot;,&quot;iso&quot;:&quot;0&quot;,&quot;shutter_speed&quot;:&quot;0&quot;,&quot;title&quot;:&quot;&quot;,&quot;orientation&quot;:&quot;0&quot;}\" data-image-title=\"frame 000036 14\" data-image-description=\"&lt;p&gt;frame 000036 14&lt;\/p&gt;\n\" data-image-caption=\"&lt;p&gt;frame 000036 14&lt;\/p&gt;\n\" data-medium-file=\"https:\/\/technoshell.com\/wp-content\/uploads\/2024\/03\/frame-000036-14-300x169.jpg\" data-large-file=\"https:\/\/technoshell.com\/wp-content\/uploads\/2024\/03\/frame-000036-14-1024x576.jpg\" itemprop=\"image\" title=\"\">\t\t\t\t\t\t\t\t\t\t\t\t\t\t\t\t\t\t\t\t\t\t\t\t\t\t\t\t\t<\/figure>\n\t\t\t<\/div>\n\t\t<\/div>\n\n\t\t\t\t\t<\/div>\n\t\t\t\t<\/div>\n\t\t\t\t<div class=\"elementor-element elementor-element-c32be66 elementor-widget-tablet__width-initial elementor-absolute elementor-widget elementor-widget-hub_fancy_heading\" data-id=\"c32be66\" data-element_type=\"widget\" data-e-type=\"widget\" data-settings=\"{&quot;_position&quot;:&quot;absolute&quot;}\" data-widget_type=\"hub_fancy_heading.default\">\n\t\t\t\t<div class=\"elementor-widget-container\">\n\t\t\t\t\t\n\t\t<div id=\"ld-fancy-heading-69d17b096e080\" class=\"ld-fancy-heading pos-rel\">\n\t\t\t<p class=\"ld-fh-element d-inline-block pos-rel  lqd-highlight-classic lqd-highlight-grow-left text-vertical p\"  > <span class=\"h3\" style=\"font-size: inherit\">Machines de marquage \u00e0 chaud<\/span> <\/p>\t\t<\/div>\n\n\t\t\t\t\t\t<\/div>\n\t\t\t\t<\/div>\n\t\t\t\t<\/div>\n\t\t<div data-custom-animations=\"true\" data-ca-options=\"{&quot;addChildTimelines&quot;:false,&quot;trigger&quot;:&quot;firstChild&quot;,&quot;animationTarget&quot;:&quot;:scope .e-con-inner &gt; .elementor-element:not(.lqd-exclude-parent-ca) &gt; .elementor-widget-container, :scope .e-con-inner &gt; .elementor-widget-hub_fancy_heading .lqd-split-lines .lqd-lines .split-inner, :scope .e-con-inner &gt; .elementor-widget-hub_fancy_heading .lqd-split-words .lqd-words .split-inner, :scope .e-con-inner &gt; .elementor-widget-hub_fancy_heading .lqd-split-chars .lqd-chars .split-inner, :scope .e-con-inner &gt; .elementor-widget-hub_fancy_heading .lqd-adv-txt-fig, :scope .e-con-inner &gt; .elementor-widget-ld_custom_menu .lqd-fancy-menu &gt; ul &gt; li, :scope .e-con:not([data-parallax]) .elementor-element &gt; .elementor-widget-container, :scope .e-con:not([data-parallax]) .elementor-widget-hub_fancy_heading .lqd-split-lines .lqd-lines .split-inner, :scope .e-con:not([data-parallax]) .elementor-widget-hub_fancy_heading .lqd-split-words .lqd-words .split-inner, :scope .e-con:not([data-parallax]) .elementor-widget-hub_fancy_heading .lqd-split-chars .lqd-chars .split-inner, :scope .e-con:not([data-parallax]) .elementor-widget-ld_custom_menu .lqd-fancy-menu &gt; ul &gt; li&quot;,&quot;startDelay&quot;:300,&quot;ease&quot;:[&quot;power4.out&quot;],&quot;initValues&quot;:{&quot;y&quot;:&quot;40px&quot;,&quot;opacity&quot;:0,&quot;transformOrigin&quot;:&quot;50% 50% 0px&quot;},&quot;animations&quot;:{&quot;y&quot;:&quot;0px&quot;,&quot;opacity&quot;:1,&quot;transformOrigin&quot;:&quot;50% 50% 0px&quot;}}\" data-particle_enable=\"false\" data-particle-mobile-disabled=\"false\" class=\"elementor-element elementor-element-e039231 e-flex e-con-boxed e-con e-child\" data-id=\"e039231\" data-element_type=\"container\" data-e-type=\"container\">\n\t\t\t\t\t<div class=\"e-con-inner\">\n\t\t\t\t<div class=\"elementor-element elementor-element-6dea839 elementor-widget elementor-widget-hub_fancy_heading\" data-id=\"6dea839\" data-element_type=\"widget\" data-e-type=\"widget\" data-widget_type=\"hub_fancy_heading.default\">\n\t\t\t\t<div class=\"elementor-widget-container\">\n\t\t\t\t\t\n\t\t<div id=\"ld-fancy-heading-69d17b096f77a\" class=\"ld-fancy-heading pos-rel\">\n\t\t\t<h6 class=\"ld-fh-element d-inline-block pos-rel  elementor-heading-title lqd-highlight-classic lqd-highlight-grow-left h6\"  > - Technoshell Automations | 07\u1d57\u02b0 avril 2024<\/h6>\t\t<\/div>\n\n\t\t\t\t\t\t<\/div>\n\t\t\t\t<\/div>\n\t\t\t\t<div class=\"elementor-element elementor-element-3283f4d elementor-widget elementor-widget-hub_fancy_heading\" data-id=\"3283f4d\" data-element_type=\"widget\" data-e-type=\"widget\" data-widget_type=\"hub_fancy_heading.default\">\n\t\t\t\t<div class=\"elementor-widget-container\">\n\t\t\t\t\t\n\t\t<div id=\"ld-fancy-heading-69d17b0970d4d\" class=\"ld-fancy-heading pos-rel\">\n\t\t\t<h2 class=\"ld-fh-element d-inline-block pos-rel  elementor-heading-title lqd-highlight-classic lqd-highlight-grow-left h2\"  > Qu'est-ce que la <strong>dorure \u00e0 chaud ?<\/em><\/strong><\/h2>\t\t<\/div>\n\n\t\t\t\t\t\t<\/div>\n\t\t\t\t<\/div>\n\t\t\t\t<div class=\"elementor-element elementor-element-1aed6b3 elementor-widget elementor-widget-hub_fancy_heading\" data-id=\"1aed6b3\" data-element_type=\"widget\" data-e-type=\"widget\" data-widget_type=\"hub_fancy_heading.default\">\n\t\t\t\t<div class=\"elementor-widget-container\">\n\t\t\t\t\t\n\t\t<div id=\"ld-fancy-heading-69d17b0972360\" class=\"ld-fancy-heading pos-rel\">\n\t\t\t<p class=\"ld-fh-element d-inline-block pos-rel  lqd-highlight-classic lqd-highlight-grow-left p\"  > La dorure \u00e0 chaud est une technique d'impression qui combine la chaleur, la pression et un film m\u00e9tallique dans un processus d'impression sp\u00e9cial qui produit un dessin brillant sur divers mat\u00e9riaux. C'est une m\u00e9thode privil\u00e9gi\u00e9e pour ajouter une touche d'\u00e9l\u00e9gance et de luxe aux articles imprim\u00e9s. Cet article de blog traite du processus, des applications et des avantages de la dorure \u00e0 chaud, et explique pourquoi cette technique est tr\u00e8s pris\u00e9e pour rehausser l'attrait esth\u00e9tique des documents imprim\u00e9s.  \n\n<\/p>\t\t<\/div>\n\n\t\t\t\t\t\t<\/div>\n\t\t\t\t<\/div>\n\t\t\t\t<div class=\"elementor-element elementor-element-15b3972 elementor-widget elementor-widget-hub_fancy_heading\" data-id=\"15b3972\" data-element_type=\"widget\" data-e-type=\"widget\" data-widget_type=\"hub_fancy_heading.default\">\n\t\t\t\t<div class=\"elementor-widget-container\">\n\t\t\t\t\t\n\t\t<div id=\"ld-fancy-heading-69d17b097391d\" class=\"ld-fancy-heading pos-rel\">\n\t\t\t<p class=\"ld-fh-element d-inline-block pos-rel  lqd-highlight-classic lqd-highlight-grow-left p\"  > <strong>Le processus<\/strong>\n<br>La dorure \u00e0 chaud comprend plusieurs \u00e9l\u00e9ments cl\u00e9s : une matrice ou un tampon, le support (la surface \u00e0 imprimer), la feuille et une machine \u00e0 estamper. Le processus commence par la cr\u00e9ation d'une matrice m\u00e9tallique sur laquelle est grav\u00e9 le motif souhait\u00e9. Cette matrice est chauff\u00e9e puis press\u00e9e sur une feuille d'aluminium plac\u00e9e sur le support. La combinaison de la chaleur et de la pression fait adh\u00e9rer la feuille au support, laissant le dessin imprim\u00e9 avec une finition brillante. La feuille peut \u00eatre de diff\u00e9rentes couleurs et finitions, notamment or, argent, cuivre et motifs holographiques.    <\/p>\t\t<\/div>\n\n\t\t\t\t\t\t<\/div>\n\t\t\t\t<\/div>\n\t\t\t\t<div class=\"elementor-element elementor-element-9608369 elementor-widget elementor-widget-hub_fancy_heading\" data-id=\"9608369\" data-element_type=\"widget\" data-e-type=\"widget\" data-widget_type=\"hub_fancy_heading.default\">\n\t\t\t\t<div class=\"elementor-widget-container\">\n\t\t\t\t\t\n\t\t<div id=\"ld-fancy-heading-69d17b0974f4e\" class=\"ld-fancy-heading pos-rel\">\n\t\t\t<p class=\"ld-fh-element d-inline-block pos-rel  lqd-highlight-classic lqd-highlight-grow-left p\"  > <strong>Applications<\/strong>\n<br>La polyvalence de la dorure \u00e0 chaud lui permet de s'adapter \u00e0 un large \u00e9ventail d'applications. Elle est couramment utilis\u00e9e dans l'industrie de l'emballage, en particulier pour les produits de luxe, les cosm\u00e9tiques et les produits alimentaires haut de gamme, auxquels elle conf\u00e8re une touche haut de gamme. Les cartes de visite, les invitations de mariage, les couvertures de livres et les cartes de v\u0153ux sont \u00e9galement souvent marqu\u00e9es \u00e0 chaud pour les rendre plus attrayantes. La dorure \u00e0 chaud est \u00e9galement utilis\u00e9e dans les secteurs de l'automobile et de l'\u00e9lectronique \u00e0 des fins de d\u00e9coration et de marquage.   <\/p>\t\t<\/div>\n\n\t\t\t\t\t\t<\/div>\n\t\t\t\t<\/div>\n\t\t\t\t<div class=\"elementor-element elementor-element-9466a81 elementor-widget elementor-widget-hub_fancy_heading\" data-id=\"9466a81\" data-element_type=\"widget\" data-e-type=\"widget\" data-widget_type=\"hub_fancy_heading.default\">\n\t\t\t\t<div class=\"elementor-widget-container\">\n\t\t\t\t\t\n\t\t<div id=\"ld-fancy-heading-69d17b0976593\" class=\"ld-fancy-heading pos-rel\">\n\t\t\t<p class=\"ld-fh-element d-inline-block pos-rel  lqd-highlight-classic lqd-highlight-grow-left p\"  > <strong>Avantages<\/strong>\n<br>\nL<strong>'attrait visuel<\/strong>: L'avantage le plus \u00e9vident de la dorure \u00e0 chaud est la finition luxueuse et de haute qualit\u00e9 qu'elle procure. La surface brillante et r\u00e9fl\u00e9chissante attire l'\u0153il et rend le produit ou l'article plus attrayant et plus m\u00e9morable. \n\n<br><strong>Polyvalence<\/strong>: la dorure \u00e0 chaud peut \u00eatre appliqu\u00e9e \u00e0 une grande vari\u00e9t\u00e9 de mat\u00e9riaux, notamment le papier, le carton, le cuir et certains plastiques, ce qui en fait une option flexible pour diff\u00e9rents projets.\n\n<br><strong>Durabilit\u00e9<\/strong>: Le processus de marquage \u00e0 chaud garantit que le dessin n'est pas seulement beau, mais qu'il r\u00e9siste aussi \u00e0 la d\u00e9coloration et \u00e0 l'usure au fil du temps, contrairement \u00e0 certaines m\u00e9thodes d'impression qui risquent de s'\u00e9taler ou de s'estomper.\n\n<br><strong>Personnalisation<\/strong>: Gr\u00e2ce \u00e0 la possibilit\u00e9 de cr\u00e9er des matrices personnalis\u00e9es, la dorure \u00e0 chaud offre une grande souplesse de conception, ce qui permet de cr\u00e9er des motifs uniques et complexes qui refl\u00e8tent l'identit\u00e9 de la marque ou le style personnel.<\/p>\t\t<\/div>\n\n\t\t\t\t\t\t<\/div>\n\t\t\t\t<\/div>\n\t\t\t\t<div class=\"elementor-element elementor-element-6f3bcbe elementor-widget elementor-widget-hub_fancy_heading\" data-id=\"6f3bcbe\" data-element_type=\"widget\" data-e-type=\"widget\" data-widget_type=\"hub_fancy_heading.default\">\n\t\t\t\t<div class=\"elementor-widget-container\">\n\t\t\t\t\t\n\t\t<div id=\"ld-fancy-heading-69d17b0977c45\" class=\"ld-fancy-heading pos-rel\">\n\t\t\t<p class=\"ld-fh-element d-inline-block pos-rel  lqd-highlight-classic lqd-highlight-grow-left p\"  > <strong>D\u00e9fis<\/strong>\n<br>\nSi la dorure \u00e0 chaud pr\u00e9sente de nombreux avantages, elle n'est pas sans poser de probl\u00e8mes. Le co\u00fbt initial d'installation peut \u00eatre \u00e9lev\u00e9 en raison de la n\u00e9cessit\u00e9 d'utiliser des matrices personnalis\u00e9es, et le processus lui-m\u00eame peut prendre plus de temps que d'autres m\u00e9thodes d'impression, ce qui le rend moins rentable pour les tr\u00e8s grands volumes ou les tr\u00e8s petits tirages. En outre, l'obtention d'une qualit\u00e9 constante exige de la pr\u00e9cision et de l'expertise.  <\/p>\t\t<\/div>\n\n\t\t\t\t\t\t<\/div>\n\t\t\t\t<\/div>\n\t\t\t\t\t<\/div>\n\t\t\t\t<\/div>\n\t\t\t\t\t<\/div>\n\t\t\t\t<\/div>\n\t\t\t\t\t<\/div>\n\t\t\t\t<\/div>\n\t\t\t\t<\/div>\n\t\t","protected":false},"excerpt":{"rendered":"<p>\u00c0 propos de Technoshell Nous nous effor\u00e7ons de fournir d&rsquo;excellentes machines par le biais deInnovation et d&rsquo;une ing\u00e9nierie fiable tout en garantissant des co\u00fbts abordables. Machines de marquage \u00e0 chaud &#8211; Technoshell Automations | 07\u1d57\u02b0 avril 2024 Qu&rsquo;est-ce que la dorure \u00e0 chaud ? La dorure \u00e0 chaud est une technique d&rsquo;impression qui combine la [&hellip;]<\/p>\n","protected":false},"author":191962353,"featured_media":0,"parent":0,"menu_order":0,"comment_status":"closed","ping_status":"closed","template":"","meta":{"tpgb_global_settings":"","_crdt_document":"","content-type":"","jetpack_post_was_ever_published":false,"footnotes":""},"class_list":["post-66192","page","type-page","status-publish","hentry"],"tpgb_featured_images":null,"tpgb_post_meta_info":{"get_date":"5 avril 2024","get_modified_date":"18 ao\u00fbt 2025","author_name":"technoshell","author_url":"https:\/\/technoshell.com\/fr\/author\/technoshellindia\/","author_email":"tanmay.baste@technoshell.com","author_website":"http:\/\/technoshellindia.wordpress.com","author_description":"","author_facebook":"","author_twitter":"","author_instagram":"","author_role":["administrator"],"author_firstname":"","author_lastname":"","user_login":"technoshellindia","author_avatar":"<img alt=\"Avatar De Technoshell\" src=\"https:\/\/secure.gravatar.com\/avatar\/fc452d74161408711041e2ece18f44fc199514596492b9a38cafd7720eca5bc1?s=200&#038;d=mm&#038;r=g\" srcset=\"https:\/\/secure.gravatar.com\/avatar\/fc452d74161408711041e2ece18f44fc199514596492b9a38cafd7720eca5bc1?s=400&#038;d=mm&#038;r=g 2x\" class=\"avatar avatar-200 photo\" height=\"200\" width=\"200\" decoding=\"async\">","author_avatar_url":"https:\/\/secure.gravatar.com\/avatar\/fc452d74161408711041e2ece18f44fc199514596492b9a38cafd7720eca5bc1?s=96&d=mm&r=g","comment_count":0,"post_likes":0,"post_views":0},"tpgb_post_category":[],"jetpack_likes_enabled":false,"jetpack_sharing_enabled":true,"jetpack_shortlink":"https:\/\/wp.me\/PfgU2L-hdC","jetpack-related-posts":[],"_links":{"self":[{"href":"https:\/\/technoshell.com\/fr\/wp-json\/wp\/v2\/pages\/66192","targetHints":{"allow":["GET"]}}],"collection":[{"href":"https:\/\/technoshell.com\/fr\/wp-json\/wp\/v2\/pages"}],"about":[{"href":"https:\/\/technoshell.com\/fr\/wp-json\/wp\/v2\/types\/page"}],"author":[{"embeddable":true,"href":"https:\/\/technoshell.com\/fr\/wp-json\/wp\/v2\/users\/191962353"}],"replies":[{"embeddable":true,"href":"https:\/\/technoshell.com\/fr\/wp-json\/wp\/v2\/comments?post=66192"}],"version-history":[{"count":2,"href":"https:\/\/technoshell.com\/fr\/wp-json\/wp\/v2\/pages\/66192\/revisions"}],"predecessor-version":[{"id":66197,"href":"https:\/\/technoshell.com\/fr\/wp-json\/wp\/v2\/pages\/66192\/revisions\/66197"}],"wp:attachment":[{"href":"https:\/\/technoshell.com\/fr\/wp-json\/wp\/v2\/media?parent=66192"}],"curies":[{"name":"wp","href":"https:\/\/api.w.org\/{rel}","templated":true}]}}