{"id":66474,"date":"2024-04-01T10:29:26","date_gmt":"2024-04-01T04:59:26","guid":{"rendered":"https:\/\/technoshell.com\/que-hacemos\/"},"modified":"2025-08-18T13:35:15","modified_gmt":"2025-08-18T08:05:15","slug":"que-hacemos","status":"publish","type":"page","link":"https:\/\/technoshell.com\/es\/que-hacemos\/","title":{"rendered":"Qu\u00e9 hacemos"},"content":{"rendered":"\t\t<div data-elementor-type=\"wp-page\" data-elementor-id=\"66474\" class=\"elementor elementor-66474 elementor-21158\" data-elementor-post-type=\"page\">\n\t\t\t\t<div data-particle_enable=\"false\" data-particle-mobile-disabled=\"false\" class=\"elementor-element elementor-element-906f561 e-con-full e-flex e-con e-parent\" data-id=\"906f561\" data-element_type=\"container\" data-e-type=\"container\">\n\t\t<div data-particle_enable=\"false\" data-particle-mobile-disabled=\"false\" class=\"elementor-element elementor-element-cb13dae e-flex e-con-boxed e-con e-child\" data-id=\"cb13dae\" data-element_type=\"container\" data-e-type=\"container\" data-settings=\"{&quot;background_background&quot;:&quot;classic&quot;}\">\n\t\t\t\t\t<div class=\"e-con-inner\">\n\t\t<div data-particle_enable=\"false\" data-particle-mobile-disabled=\"false\" class=\"elementor-element elementor-element-8384a9c e-con-full e-flex e-con e-child\" data-id=\"8384a9c\" data-element_type=\"container\" data-e-type=\"container\">\n\t\t\t\t<div class=\"elementor-element elementor-element-b24f7bf elementor-widget elementor-widget-text-editor\" data-id=\"b24f7bf\" data-element_type=\"widget\" data-e-type=\"widget\" data-widget_type=\"text-editor.default\">\n\t\t\t\t<div class=\"elementor-widget-container\">\n\t\t\t\t\t\t\t\t\t<p style=\"text-align: left;\"><span style=\"font-size: 36px;\"><span style=\"color: #ffffff;\"><b>Qu\u00e9 hacemos<\/b><\/span><\/span><\/p>\t\t\t\t\t\t\t\t<\/div>\n\t\t\t\t<\/div>\n\t\t\t\t<\/div>\n\t\t<div data-particle_enable=\"false\" data-particle-mobile-disabled=\"false\" class=\"elementor-element elementor-element-468292e e-con-full e-flex e-con e-child\" data-id=\"468292e\" data-element_type=\"container\" data-e-type=\"container\">\n\t\t\t\t<div class=\"elementor-element elementor-element-b077ee8 elementor-hidden-mobile elementor-widget elementor-widget-text-editor\" data-id=\"b077ee8\" data-element_type=\"widget\" data-e-type=\"widget\" data-widget_type=\"text-editor.default\">\n\t\t\t\t<div class=\"elementor-widget-container\">\n\t\t\t\t\t\t\t\t\t<p><span style=\"font-size: 21px; color: #ffffff;\">Nos esforzamos por ofrecer <strong>m\u00e1quinas excelentes<\/strong> a trav\u00e9s de<br><strong>Innovaci\u00f3n e ingenier\u00eda fiable<\/strong>, al tiempo que ofrecemos <strong>costes asequibles<\/strong><\/span><\/p>\t\t\t\t\t\t\t\t<\/div>\n\t\t\t\t<\/div>\n\t\t\t\t<\/div>\n\t\t\t\t\t<\/div>\n\t\t\t\t<\/div>\n\t\t\t\t<\/div>\n\t\t<div data-particle_enable=\"false\" data-particle-mobile-disabled=\"false\" class=\"elementor-element elementor-element-164575f e-flex e-con-boxed e-con e-parent\" data-id=\"164575f\" data-element_type=\"container\" data-e-type=\"container\">\n\t\t\t\t\t<div class=\"e-con-inner\">\n\t\t<div data-particle_enable=\"false\" data-particle-mobile-disabled=\"false\" class=\"elementor-element elementor-element-db40c86 e-con-full e-flex e-con e-child\" data-id=\"db40c86\" data-element_type=\"container\" data-e-type=\"container\">\n\t\t\t\t<div class=\"elementor-element elementor-element-b5d8fa5 elementor-widget elementor-widget-heading\" data-id=\"b5d8fa5\" data-element_type=\"widget\" data-e-type=\"widget\" data-widget_type=\"heading.default\">\n\t\t\t\t<div class=\"elementor-widget-container\">\n\t\t\t\t\t<h2 class=\"elementor-heading-title elementor-size-default\"><a href=\"https:\/\/technoshell.com\/es\/quienes-somos\/\">Qui\u00e9nes somos<\/a><\/h2>\t\t\t\t<\/div>\n\t\t\t\t<\/div>\n\t\t\t\t<div class=\"elementor-element elementor-element-637ca16 elementor-widget-divider--view-line elementor-widget elementor-widget-divider\" data-id=\"637ca16\" data-element_type=\"widget\" data-e-type=\"widget\" data-widget_type=\"divider.default\">\n\t\t\t\t<div class=\"elementor-widget-container\">\n\t\t\t\t\t\t\t<div class=\"elementor-divider\">\n\t\t\t<span class=\"elementor-divider-separator\">\n\t\t\t\t\t\t<\/span>\n\t\t<\/div>\n\t\t\t\t\t\t<\/div>\n\t\t\t\t<\/div>\n\t\t\t\t<div class=\"elementor-element elementor-element-8d0f5f0 elementor-widget elementor-widget-heading\" data-id=\"8d0f5f0\" data-element_type=\"widget\" data-e-type=\"widget\" data-widget_type=\"heading.default\">\n\t\t\t\t<div class=\"elementor-widget-container\">\n\t\t\t\t\t<h2 class=\"elementor-heading-title elementor-size-default\"><a href=\"https:\/\/technoshell.com\/es\/que-hacemos\/\">Qu\u00e9 hacemos<\/a><\/h2>\t\t\t\t<\/div>\n\t\t\t\t<\/div>\n\t\t\t\t<div class=\"elementor-element elementor-element-b0ad262 elementor-widget-divider--view-line elementor-widget elementor-widget-divider\" data-id=\"b0ad262\" data-element_type=\"widget\" data-e-type=\"widget\" data-widget_type=\"divider.default\">\n\t\t\t\t<div class=\"elementor-widget-container\">\n\t\t\t\t\t\t\t<div class=\"elementor-divider\">\n\t\t\t<span class=\"elementor-divider-separator\">\n\t\t\t\t\t\t<\/span>\n\t\t<\/div>\n\t\t\t\t\t\t<\/div>\n\t\t\t\t<\/div>\n\t\t\t\t<div class=\"elementor-element elementor-element-23e4f8d elementor-widget elementor-widget-heading\" data-id=\"23e4f8d\" data-element_type=\"widget\" data-e-type=\"widget\" data-widget_type=\"heading.default\">\n\t\t\t\t<div class=\"elementor-widget-container\">\n\t\t\t\t\t<h2 class=\"elementor-heading-title elementor-size-default\"><a href=\"https:\/\/technoshell.com\/about-us-2\/\">Visi\u00f3n<\/a><\/h2>\t\t\t\t<\/div>\n\t\t\t\t<\/div>\n\t\t\t\t<div class=\"elementor-element elementor-element-4203fc5 elementor-widget-divider--view-line elementor-widget elementor-widget-divider\" data-id=\"4203fc5\" data-element_type=\"widget\" data-e-type=\"widget\" data-widget_type=\"divider.default\">\n\t\t\t\t<div class=\"elementor-widget-container\">\n\t\t\t\t\t\t\t<div class=\"elementor-divider\">\n\t\t\t<span class=\"elementor-divider-separator\">\n\t\t\t\t\t\t<\/span>\n\t\t<\/div>\n\t\t\t\t\t\t<\/div>\n\t\t\t\t<\/div>\n\t\t\t\t<div class=\"elementor-element elementor-element-b191bc6 elementor-widget elementor-widget-heading\" data-id=\"b191bc6\" data-element_type=\"widget\" data-e-type=\"widget\" data-widget_type=\"heading.default\">\n\t\t\t\t<div class=\"elementor-widget-container\">\n\t\t\t\t\t<h2 class=\"elementor-heading-title elementor-size-default\"><a href=\"https:\/\/technoshell.com\/milestone\/\">Hito<\/a><\/h2>\t\t\t\t<\/div>\n\t\t\t\t<\/div>\n\t\t\t\t<div class=\"elementor-element elementor-element-ed633f5 elementor-widget-divider--view-line elementor-widget elementor-widget-divider\" data-id=\"ed633f5\" data-element_type=\"widget\" data-e-type=\"widget\" data-widget_type=\"divider.default\">\n\t\t\t\t<div class=\"elementor-widget-container\">\n\t\t\t\t\t\t\t<div class=\"elementor-divider\">\n\t\t\t<span class=\"elementor-divider-separator\">\n\t\t\t\t\t\t<\/span>\n\t\t<\/div>\n\t\t\t\t\t\t<\/div>\n\t\t\t\t<\/div>\n\t\t\t\t<div class=\"elementor-element elementor-element-8225969 elementor-widget elementor-widget-heading\" data-id=\"8225969\" data-element_type=\"widget\" data-e-type=\"widget\" data-widget_type=\"heading.default\">\n\t\t\t\t<div class=\"elementor-widget-container\">\n\t\t\t\t\t<h2 class=\"elementor-heading-title elementor-size-default\"><a href=\"https:\/\/technoshell.com\/es\/historia\/\">Historia<\/a><\/h2>\t\t\t\t<\/div>\n\t\t\t\t<\/div>\n\t\t\t\t<div class=\"elementor-element elementor-element-0840d4d elementor-widget-divider--view-line elementor-widget elementor-widget-divider\" data-id=\"0840d4d\" data-element_type=\"widget\" data-e-type=\"widget\" data-widget_type=\"divider.default\">\n\t\t\t\t<div class=\"elementor-widget-container\">\n\t\t\t\t\t\t\t<div class=\"elementor-divider\">\n\t\t\t<span class=\"elementor-divider-separator\">\n\t\t\t\t\t\t<\/span>\n\t\t<\/div>\n\t\t\t\t\t\t<\/div>\n\t\t\t\t<\/div>\n\t\t\t\t<div class=\"elementor-element elementor-element-3b5b68d elementor-widget elementor-widget-heading\" data-id=\"3b5b68d\" data-element_type=\"widget\" data-e-type=\"widget\" data-widget_type=\"heading.default\">\n\t\t\t\t<div class=\"elementor-widget-container\">\n\t\t\t\t\t<h2 class=\"elementor-heading-title elementor-size-default\"><a href=\"https:\/\/technoshell.com\/infrastruture\/\">Infraestructura<\/a><\/h2>\t\t\t\t<\/div>\n\t\t\t\t<\/div>\n\t\t\t\t<div class=\"elementor-element elementor-element-a6f1521 elementor-widget-divider--view-line elementor-widget elementor-widget-divider\" data-id=\"a6f1521\" data-element_type=\"widget\" data-e-type=\"widget\" data-widget_type=\"divider.default\">\n\t\t\t\t<div class=\"elementor-widget-container\">\n\t\t\t\t\t\t\t<div class=\"elementor-divider\">\n\t\t\t<span class=\"elementor-divider-separator\">\n\t\t\t\t\t\t<\/span>\n\t\t<\/div>\n\t\t\t\t\t\t<\/div>\n\t\t\t\t<\/div>\n\t\t\t\t<div class=\"elementor-element elementor-element-d67e5f4 elementor-widget elementor-widget-heading\" data-id=\"d67e5f4\" data-element_type=\"widget\" data-e-type=\"widget\" data-widget_type=\"heading.default\">\n\t\t\t\t<div class=\"elementor-widget-container\">\n\t\t\t\t\t<h2 class=\"elementor-heading-title elementor-size-default\"><a href=\"https:\/\/technoshell.com\/certificates\/\">Certificados<\/a><\/h2>\t\t\t\t<\/div>\n\t\t\t\t<\/div>\n\t\t\t\t<div class=\"elementor-element elementor-element-1aa4bb9 elementor-widget-divider--view-line elementor-widget elementor-widget-divider\" data-id=\"1aa4bb9\" data-element_type=\"widget\" data-e-type=\"widget\" data-widget_type=\"divider.default\">\n\t\t\t\t<div class=\"elementor-widget-container\">\n\t\t\t\t\t\t\t<div class=\"elementor-divider\">\n\t\t\t<span class=\"elementor-divider-separator\">\n\t\t\t\t\t\t<\/span>\n\t\t<\/div>\n\t\t\t\t\t\t<\/div>\n\t\t\t\t<\/div>\n\t\t\t\t<div class=\"elementor-element elementor-element-44ad3c8 elementor-widget elementor-widget-heading\" data-id=\"44ad3c8\" data-element_type=\"widget\" data-e-type=\"widget\" data-widget_type=\"heading.default\">\n\t\t\t\t<div class=\"elementor-widget-container\">\n\t\t\t\t\t<h2 class=\"elementor-heading-title elementor-size-default\"><a href=\"https:\/\/technoshell.com\/awards\/\">Premios<\/a><\/h2>\t\t\t\t<\/div>\n\t\t\t\t<\/div>\n\t\t\t\t<div class=\"elementor-element elementor-element-ae10e43 elementor-widget-divider--view-line elementor-widget elementor-widget-divider\" data-id=\"ae10e43\" data-element_type=\"widget\" data-e-type=\"widget\" data-widget_type=\"divider.default\">\n\t\t\t\t<div class=\"elementor-widget-container\">\n\t\t\t\t\t\t\t<div class=\"elementor-divider\">\n\t\t\t<span class=\"elementor-divider-separator\">\n\t\t\t\t\t\t<\/span>\n\t\t<\/div>\n\t\t\t\t\t\t<\/div>\n\t\t\t\t<\/div>\n\t\t\t\t<div class=\"elementor-element elementor-element-667333b elementor-widget elementor-widget-heading\" data-id=\"667333b\" data-element_type=\"widget\" data-e-type=\"widget\" data-widget_type=\"heading.default\">\n\t\t\t\t<div class=\"elementor-widget-container\">\n\t\t\t\t\t<h2 class=\"elementor-heading-title elementor-size-default\"><a href=\"https:\/\/technoshell.com\/careers\/\">Empleo<\/a><\/h2>\t\t\t\t<\/div>\n\t\t\t\t<\/div>\n\t\t\t\t<\/div>\n\t\t<div data-particle_enable=\"false\" data-particle-mobile-disabled=\"false\" class=\"elementor-element elementor-element-ee85544 e-con-full e-flex e-con e-child\" data-id=\"ee85544\" data-element_type=\"container\" data-e-type=\"container\">\n\t\t\t\t<div class=\"elementor-element elementor-element-ad23dbb elementor-widget elementor-widget-image\" data-id=\"ad23dbb\" data-element_type=\"widget\" data-e-type=\"widget\" data-widget_type=\"image.default\">\n\t\t\t\t<div class=\"elementor-widget-container\">\n\t\t\t\t\t\t\t\t\t\t\t\t\t\t\t<img data-recalc-dims=\"1\" fetchpriority=\"high\" decoding=\"async\" data-attachment-id=\"66476\" data-permalink=\"https:\/\/technoshell.com\/es\/que-hacemos\/untitled-3-2\/\" data-orig-file=\"https:\/\/technoshell.com\/wp-content\/uploads\/2024\/04\/Untitled.png\" data-orig-size=\"896,183\" data-comments-opened=\"1\" data-image-meta=\"{&quot;aperture&quot;:&quot;0&quot;,&quot;credit&quot;:&quot;&quot;,&quot;camera&quot;:&quot;&quot;,&quot;caption&quot;:&quot;&quot;,&quot;created_timestamp&quot;:&quot;0&quot;,&quot;copyright&quot;:&quot;&quot;,&quot;focal_length&quot;:&quot;0&quot;,&quot;iso&quot;:&quot;0&quot;,&quot;shutter_speed&quot;:&quot;0&quot;,&quot;title&quot;:&quot;&quot;,&quot;orientation&quot;:&quot;0&quot;}\" data-image-title=\"Untitled\" data-image-description=\"&lt;p&gt;Untitled&lt;\/p&gt;\n\" data-image-caption=\"&lt;p&gt;Untitled&lt;\/p&gt;\n\" data-medium-file=\"https:\/\/technoshell.com\/wp-content\/uploads\/2024\/04\/Untitled-300x61.png\" data-large-file=\"https:\/\/technoshell.com\/wp-content\/uploads\/2024\/04\/Untitled.png\" width=\"780\" height=\"159\" src=\"https:\/\/i0.wp.com\/technoshell.com\/wp-content\/uploads\/2024\/04\/Untitled.png?resize=780%2C159&#038;ssl=1\" class=\"attachment-large size-large wp-image-66476\" alt=\"Untitled\" srcset=\"https:\/\/i0.wp.com\/technoshell.com\/wp-content\/uploads\/2024\/04\/Untitled.png?w=896&amp;ssl=1 896w, https:\/\/i0.wp.com\/technoshell.com\/wp-content\/uploads\/2024\/04\/Untitled.png?resize=300%2C61&amp;ssl=1 300w\" sizes=\"(max-width: 780px) 100vw, 780px\" title=\"\">\t\t\t\t\t\t\t\t\t\t\t\t\t\t\t<\/div>\n\t\t\t\t<\/div>\n\t\t\t\t<div class=\"elementor-element elementor-element-264ba15 elementor-widget elementor-widget-text-editor\" data-id=\"264ba15\" data-element_type=\"widget\" data-e-type=\"widget\" data-widget_type=\"text-editor.default\">\n\t\t\t\t<div class=\"elementor-widget-container\">\n\t\t\t\t\t\t\t\t\t<p>Fabricamos m\u00e1quinas para aplicaciones de impresi\u00f3n y envasado que requieren alta precisi\u00f3n e ingenier\u00eda fiable.<\/p><p>Nos esforzamos por ofrecer m\u00e1quinas excelentes a trav\u00e9s de la innovaci\u00f3n y una ingenier\u00eda fiable a un precio asequible.<\/p>\t\t\t\t\t\t\t\t<\/div>\n\t\t\t\t<\/div>\n\t\t\t\t<\/div>\n\t\t\t\t\t<\/div>\n\t\t\t\t<\/div>\n\t\t\t\t<\/div>\n\t\t","protected":false},"excerpt":{"rendered":"<p>Qu\u00e9 hacemos Nos esforzamos por ofrecer m\u00e1quinas excelentes a trav\u00e9s deInnovaci\u00f3n e ingenier\u00eda fiable, al tiempo que ofrecemos costes asequibles Qui\u00e9nes somos Qu\u00e9 hacemos Visi\u00f3n Hito Historia Infraestructura Certificados Premios Empleo Fabricamos m\u00e1quinas para aplicaciones de impresi\u00f3n y envasado que requieren alta precisi\u00f3n e ingenier\u00eda fiable. Nos esforzamos por ofrecer m\u00e1quinas excelentes a trav\u00e9s de [&hellip;]<\/p>\n","protected":false},"author":191962353,"featured_media":0,"parent":0,"menu_order":0,"comment_status":"closed","ping_status":"closed","template":"","meta":{"tpgb_global_settings":"","_crdt_document":"","content-type":"","jetpack_post_was_ever_published":false,"footnotes":""},"class_list":["post-66474","page","type-page","status-publish","hentry"],"tpgb_featured_images":null,"tpgb_post_meta_info":{"get_date":"1 de abril de 2024","get_modified_date":"18 de agosto de 2025","author_name":"technoshell","author_url":"https:\/\/technoshell.com\/es\/author\/technoshellindia\/","author_email":"tanmay.baste@technoshell.com","author_website":"http:\/\/technoshellindia.wordpress.com","author_description":"","author_facebook":"","author_twitter":"","author_instagram":"","author_role":["administrator"],"author_firstname":"","author_lastname":"","user_login":"technoshellindia","author_avatar":"<img alt=\"Avatar De Technoshell\" src=\"https:\/\/secure.gravatar.com\/avatar\/fc452d74161408711041e2ece18f44fc199514596492b9a38cafd7720eca5bc1?s=200&#038;d=mm&#038;r=g\" srcset=\"https:\/\/secure.gravatar.com\/avatar\/fc452d74161408711041e2ece18f44fc199514596492b9a38cafd7720eca5bc1?s=400&#038;d=mm&#038;r=g 2x\" class=\"avatar avatar-200 photo\" height=\"200\" width=\"200\" decoding=\"async\">","author_avatar_url":"https:\/\/secure.gravatar.com\/avatar\/fc452d74161408711041e2ece18f44fc199514596492b9a38cafd7720eca5bc1?s=96&d=mm&r=g","comment_count":0,"post_likes":0,"post_views":0},"tpgb_post_category":[],"jetpack_likes_enabled":false,"jetpack_sharing_enabled":true,"jetpack_shortlink":"https:\/\/wp.me\/PfgU2L-hia","jetpack-related-posts":[],"_links":{"self":[{"href":"https:\/\/technoshell.com\/es\/wp-json\/wp\/v2\/pages\/66474","targetHints":{"allow":["GET"]}}],"collection":[{"href":"https:\/\/technoshell.com\/es\/wp-json\/wp\/v2\/pages"}],"about":[{"href":"https:\/\/technoshell.com\/es\/wp-json\/wp\/v2\/types\/page"}],"author":[{"embeddable":true,"href":"https:\/\/technoshell.com\/es\/wp-json\/wp\/v2\/users\/191962353"}],"replies":[{"embeddable":true,"href":"https:\/\/technoshell.com\/es\/wp-json\/wp\/v2\/comments?post=66474"}],"version-history":[{"count":2,"href":"https:\/\/technoshell.com\/es\/wp-json\/wp\/v2\/pages\/66474\/revisions"}],"predecessor-version":[{"id":66494,"href":"https:\/\/technoshell.com\/es\/wp-json\/wp\/v2\/pages\/66474\/revisions\/66494"}],"wp:attachment":[{"href":"https:\/\/technoshell.com\/es\/wp-json\/wp\/v2\/media?parent=66474"}],"curies":[{"name":"wp","href":"https:\/\/api.w.org\/{rel}","templated":true}]}}