{"id":65953,"date":"2024-04-12T17:23:54","date_gmt":"2024-04-12T11:53:54","guid":{"rendered":"https:\/\/technoshell.com\/noticias-3\/"},"modified":"2025-08-18T12:08:59","modified_gmt":"2025-08-18T06:38:59","slug":"noticias-3","status":"publish","type":"page","link":"https:\/\/technoshell.com\/es\/noticias-3\/","title":{"rendered":"Noticias 3"},"content":{"rendered":"\t\t<div data-elementor-type=\"wp-page\" data-elementor-id=\"65953\" class=\"elementor elementor-65953 elementor-23808\" data-elementor-post-type=\"page\">\n\t\t\t\t<div data-particle_enable=\"false\" data-particle-mobile-disabled=\"false\" class=\"elementor-element elementor-element-906f561 e-con-full e-flex e-con e-parent\" data-id=\"906f561\" data-element_type=\"container\" data-e-type=\"container\">\n\t\t<div data-particle_enable=\"false\" data-particle-mobile-disabled=\"false\" class=\"elementor-element elementor-element-cb13dae e-flex e-con-boxed e-con e-child\" data-id=\"cb13dae\" data-element_type=\"container\" data-e-type=\"container\" data-settings=\"{&quot;background_background&quot;:&quot;classic&quot;}\">\n\t\t\t\t\t<div class=\"e-con-inner\">\n\t\t<div data-particle_enable=\"false\" data-particle-mobile-disabled=\"false\" class=\"elementor-element elementor-element-8384a9c e-con-full e-flex e-con e-child\" data-id=\"8384a9c\" data-element_type=\"container\" data-e-type=\"container\">\n\t\t\t\t<div class=\"elementor-element elementor-element-b24f7bf elementor-widget elementor-widget-text-editor\" data-id=\"b24f7bf\" data-element_type=\"widget\" data-e-type=\"widget\" data-widget_type=\"text-editor.default\">\n\t\t\t\t<div class=\"elementor-widget-container\">\n\t\t\t\t\t\t\t\t\t<p style=\"text-align: left;\"><span style=\"font-size: 36px;\"><span style=\"color: #ffffff;\"><b>Acerca de Technoshell<\/b><\/span><\/span><\/p>\t\t\t\t\t\t\t\t<\/div>\n\t\t\t\t<\/div>\n\t\t\t\t<\/div>\n\t\t<div data-particle_enable=\"false\" data-particle-mobile-disabled=\"false\" class=\"elementor-element elementor-element-468292e e-con-full e-flex e-con e-child\" data-id=\"468292e\" data-element_type=\"container\" data-e-type=\"container\">\n\t\t\t\t<div class=\"elementor-element elementor-element-b077ee8 elementor-hidden-mobile elementor-widget elementor-widget-text-editor\" data-id=\"b077ee8\" data-element_type=\"widget\" data-e-type=\"widget\" data-widget_type=\"text-editor.default\">\n\t\t\t\t<div class=\"elementor-widget-container\">\n\t\t\t\t\t\t\t\t\t<p><span style=\"font-size: 21px; color: #ffffff;\">Nos esforzamos por ofrecer <strong>m\u00e1quinas excelentes<\/strong> a trav\u00e9s de<br><strong>Innovaci\u00f3n e ingenier\u00eda fiable<\/strong>, al tiempo que ofrecemos <strong>costes asequibles<\/strong><\/span><\/p>\t\t\t\t\t\t\t\t<\/div>\n\t\t\t\t<\/div>\n\t\t\t\t<\/div>\n\t\t\t\t\t<\/div>\n\t\t\t\t<\/div>\n\t\t\t\t<\/div>\n\t\t<div data-particle_enable=\"false\" data-particle-mobile-disabled=\"false\" class=\"elementor-element elementor-element-1ceaafb e-flex e-con-boxed e-con e-parent\" data-id=\"1ceaafb\" data-element_type=\"container\" data-e-type=\"container\" data-settings=\"{&quot;background_background&quot;:&quot;classic&quot;}\">\n\t\t\t\t\t<div class=\"e-con-inner\">\n\t\t<div data-particle_enable=\"false\" data-particle-mobile-disabled=\"false\" class=\"elementor-element elementor-element-518904a e-flex e-con-boxed e-con e-child\" data-id=\"518904a\" data-element_type=\"container\" data-e-type=\"container\" data-settings=\"{&quot;background_background&quot;:&quot;classic&quot;}\">\n\t\t\t\t\t<div class=\"e-con-inner\">\n\t\t<div class=\"lqd-css-sticky elementor-element elementor-element-0417aa9 e-con-full e-flex e-con e-child\" style=\"top: auto; bottom: 30px;\" data-particle_enable=\"false\" data-particle-mobile-disabled=\"false\" data-id=\"0417aa9\" data-element_type=\"container\" data-e-type=\"container\">\n\t\t\t\t<div class=\"elementor-element elementor-element-f744923 elementor-widget__width-initial elementor-widget elementor-widget-ld_fancy_image\" data-id=\"f744923\" data-element_type=\"widget\" data-e-type=\"widget\" data-widget_type=\"ld_fancy_image.default\">\n\t\t\t\t<div class=\"elementor-widget-container\">\n\t\t\t\t\t\n\t\t<div class=\"lqd-imggrp-single d-block pos-rel \">\n\t\t\t<div class=\"lqd-imggrp-img-container d-inline-flex pos-rel align-items-center justify-content-center \">\n\t\t\t\t\t\t\t\t<figure class=\"w-100 pos-rel\">\n\t\t\t\t\t<img data-recalc-dims=\"1\" fetchpriority=\"high\" decoding=\"async\" width=\"780\" height=\"438\" src=\"https:\/\/i0.wp.com\/technoshell.com\/wp-content\/uploads\/2024\/04\/NEOsleeve-M.gif?resize=780%2C438&#038;ssl=1\" class=\"attachment-full size-full wp-image-23252\" alt=\"NEOsleeve M\" data-attachment-id=\"23252\" data-permalink=\"https:\/\/technoshell.com\/es\/shrink-sleeving\/neosleeve-m-3\/\" data-orig-file=\"https:\/\/technoshell.com\/wp-content\/uploads\/2024\/04\/NEOsleeve-M.gif\" data-orig-size=\"1200,674\" data-comments-opened=\"1\" data-image-meta=\"{&quot;aperture&quot;:&quot;0&quot;,&quot;credit&quot;:&quot;&quot;,&quot;camera&quot;:&quot;&quot;,&quot;caption&quot;:&quot;&quot;,&quot;created_timestamp&quot;:&quot;0&quot;,&quot;copyright&quot;:&quot;&quot;,&quot;focal_length&quot;:&quot;0&quot;,&quot;iso&quot;:&quot;0&quot;,&quot;shutter_speed&quot;:&quot;0&quot;,&quot;title&quot;:&quot;&quot;,&quot;orientation&quot;:&quot;0&quot;}\" data-image-title=\"NEOsleeve M\" data-image-description=\"&lt;p&gt;NEOsleeve M&lt;\/p&gt;\n\" data-image-caption=\"&lt;p&gt;NEOsleeve M&lt;\/p&gt;\n\" data-medium-file=\"https:\/\/technoshell.com\/wp-content\/uploads\/2024\/04\/NEOsleeve-M-300x169.gif\" data-large-file=\"https:\/\/technoshell.com\/wp-content\/uploads\/2024\/04\/NEOsleeve-M-1024x575.gif\" itemprop=\"image\" title=\"\">\t\t\t\t\t\t\t\t\t\t\t\t\t\t\t\t\t\t\t\t\t\t\t\t\t\t\t\t\t<\/figure>\n\t\t\t<\/div>\n\t\t<\/div>\n\n\t\t\t\t\t<\/div>\n\t\t\t\t<\/div>\n\t\t\t\t<div class=\"elementor-element elementor-element-c32be66 elementor-widget-tablet__width-initial elementor-absolute elementor-widget elementor-widget-hub_fancy_heading\" data-id=\"c32be66\" data-element_type=\"widget\" data-e-type=\"widget\" data-settings=\"{&quot;_position&quot;:&quot;absolute&quot;}\" data-widget_type=\"hub_fancy_heading.default\">\n\t\t\t\t<div class=\"elementor-widget-container\">\n\t\t\t\t\t\n\t\t<div id=\"ld-fancy-heading-69d0f3e8b66c2\" class=\"ld-fancy-heading pos-rel\">\n\t\t\t<p class=\"ld-fh-element d-inline-block pos-rel  lqd-highlight-classic lqd-highlight-grow-left text-vertical p\"  > <span class=\"h3\" style=\"font-size: inherit\">M\u00e1quinas de estampaci\u00f3n en caliente<\/span> <\/p>\t\t<\/div>\n\n\t\t\t\t\t\t<\/div>\n\t\t\t\t<\/div>\n\t\t\t\t<\/div>\n\t\t<div data-custom-animations=\"true\" data-ca-options=\"{&quot;addChildTimelines&quot;:false,&quot;trigger&quot;:&quot;firstChild&quot;,&quot;animationTarget&quot;:&quot;:scope .e-con-inner &gt; .elementor-element:not(.lqd-exclude-parent-ca) &gt; .elementor-widget-container, :scope .e-con-inner &gt; .elementor-widget-hub_fancy_heading .lqd-split-lines .lqd-lines .split-inner, :scope .e-con-inner &gt; .elementor-widget-hub_fancy_heading .lqd-split-words .lqd-words .split-inner, :scope .e-con-inner &gt; .elementor-widget-hub_fancy_heading .lqd-split-chars .lqd-chars .split-inner, :scope .e-con-inner &gt; .elementor-widget-hub_fancy_heading .lqd-adv-txt-fig, :scope .e-con-inner &gt; .elementor-widget-ld_custom_menu .lqd-fancy-menu &gt; ul &gt; li, :scope .e-con:not([data-parallax]) .elementor-element &gt; .elementor-widget-container, :scope .e-con:not([data-parallax]) .elementor-widget-hub_fancy_heading .lqd-split-lines .lqd-lines .split-inner, :scope .e-con:not([data-parallax]) .elementor-widget-hub_fancy_heading .lqd-split-words .lqd-words .split-inner, :scope .e-con:not([data-parallax]) .elementor-widget-hub_fancy_heading .lqd-split-chars .lqd-chars .split-inner, :scope .e-con:not([data-parallax]) .elementor-widget-ld_custom_menu .lqd-fancy-menu &gt; ul &gt; li&quot;,&quot;startDelay&quot;:300,&quot;ease&quot;:[&quot;power4.out&quot;],&quot;initValues&quot;:{&quot;y&quot;:&quot;40px&quot;,&quot;opacity&quot;:0,&quot;transformOrigin&quot;:&quot;50% 50% 0px&quot;},&quot;animations&quot;:{&quot;y&quot;:&quot;0px&quot;,&quot;opacity&quot;:1,&quot;transformOrigin&quot;:&quot;50% 50% 0px&quot;}}\" data-particle_enable=\"false\" data-particle-mobile-disabled=\"false\" class=\"elementor-element elementor-element-e039231 e-flex e-con-boxed e-con e-child\" data-id=\"e039231\" data-element_type=\"container\" data-e-type=\"container\">\n\t\t\t\t\t<div class=\"e-con-inner\">\n\t\t\t\t<div class=\"elementor-element elementor-element-6dea839 elementor-widget elementor-widget-hub_fancy_heading\" data-id=\"6dea839\" data-element_type=\"widget\" data-e-type=\"widget\" data-widget_type=\"hub_fancy_heading.default\">\n\t\t\t\t<div class=\"elementor-widget-container\">\n\t\t\t\t\t\n\t\t<div id=\"ld-fancy-heading-69d0f3e8b94d6\" class=\"ld-fancy-heading pos-rel\">\n\t\t\t<h6 class=\"ld-fh-element d-inline-block pos-rel  elementor-heading-title lqd-highlight-classic lqd-highlight-grow-left h6\"  > - Technoshell Automations | 07\u1d57\u02b0 Abril de 2024<\/h6>\t\t<\/div>\n\n\t\t\t\t\t\t<\/div>\n\t\t\t\t<\/div>\n\t\t\t\t<div class=\"elementor-element elementor-element-3283f4d elementor-widget elementor-widget-hub_fancy_heading\" data-id=\"3283f4d\" data-element_type=\"widget\" data-e-type=\"widget\" data-widget_type=\"hub_fancy_heading.default\">\n\t\t\t\t<div class=\"elementor-widget-container\">\n\t\t\t\t\t\n\t\t<div id=\"ld-fancy-heading-69d0f3e8bc032\" class=\"ld-fancy-heading pos-rel\">\n\t\t\t<h2 class=\"ld-fh-element d-inline-block pos-rel  elementor-heading-title lqd-highlight-classic lqd-highlight-grow-left h2\"  > \ud835\udddc\ud835\uddfb\ud835\ude01\ud835\uddff\ud835\uddfc\ud835\uddf1\ud835\ude02\ud835\uddf0\ud835\uddf6\ud835\uddfb\ud835\uddf4 \ud835\udde1\ud835\uddd8\ud835\udde2\ud835\ude00\ud835\uddf9\ud835\uddf2\ud835\uddf2\ud835\ude03\ud835\uddf2:  <\/h2>\t\t<\/div>\n\n\t\t\t\t\t\t<\/div>\n\t\t\t\t<\/div>\n\t\t\t\t<div class=\"elementor-element elementor-element-1aed6b3 elementor-widget elementor-widget-hub_fancy_heading\" data-id=\"1aed6b3\" data-element_type=\"widget\" data-e-type=\"widget\" data-widget_type=\"hub_fancy_heading.default\">\n\t\t\t\t<div class=\"elementor-widget-container\">\n\t\t\t\t\t\n\t\t<div id=\"ld-fancy-heading-69d0f3e8bea96\" class=\"ld-fancy-heading pos-rel\">\n\t\t\t<p class=\"ld-fh-element d-inline-block pos-rel  lqd-highlight-classic lqd-highlight-grow-left p\"  > \ud835\uddda\ud835\uddee\ud835\uddfa\ud835\uddf2\ud835\uddf0\ud835\uddf5\ud835\uddee\ud835\uddfb\ud835\uddf4\ud835\uddf2\ud835\uddff \ud835\uddf6\ud835\uddfb \ud835\ude00\ud835\uddf5\ud835\uddff\ud835\uddf6\ud835\uddfb\ud835\uddf8 \ud835\ude00\ud835\uddf9\ud835\uddf2\ud835\uddf2\ud835\ude03\ud835\uddf2 \ud835\uddee\ud835\uddfd\ud835\uddfd\ud835\uddf9\ud835\uddf6\ud835\uddf0\ud835\uddee\ud835\ude01\ud835\uddfc\ud835\uddff\ud835\ude00\u2728\n\n<br><br>Con nuestra historia de Aurum Packaging Systems Pvt Ltd, llevamos m\u00e1s de 2 d\u00e9cadas suministrando sistemas de retractilado en todo el mundo.\n<br><br>Nos dimos cuenta de que nuestros clientes se beneficiar\u00edan enormemente si les proporcion\u00e1ramos un sistema de enfundado de alta velocidad, alta precisi\u00f3n, f\u00e1cil de manejar, ergon\u00f3mico y asequible.\n\n<br><br>NEOsleeve M es nuestro aplicador de fundas retr\u00e1ctiles completamente redise\u00f1ado para aplicar etiquetas de funda retr\u00e1ctil en envases y botellas.\n\n<br><br>\u00c9stas son algunas de las ventajas \u00fanicas que puede aportar NEOsleeve M:\n<br>1) Etiqueta hasta 200 botellas\/minuto\n<br>2) M\u00e1quina de dise\u00f1o ergon\u00f3mico, con carga de rollo de manga frontal y opci\u00f3n de rollo adicional\n<br>3) Indicadores digitales para una configuraci\u00f3n muy f\u00e1cil y un cambio r\u00e1pido\n<br>4) Alimentaci\u00f3n y corte de manguitos servocontrolados\n<br>5) SIN botella, SIN funda\n<br>6) Cuchillas de carburo de tungsteno de larga duraci\u00f3n\n<br>7) Mandriles impresos en 3D\n<br>8) Todos los movimientos de la m\u00e1quina incorporan ra\u00edles y bloques para mayor rigidez\n<br>9) Opci\u00f3n de a\u00f1adir perforaci\u00f3n horizontal y vertical\n<br>10) Distancia al suelo de 200 mm para facilitar la limpieza del suelo\n<br>11) Variante de acero inoxidable disponible para los mercados farmac\u00e9utico, alimentario y de bebidas  \n<br>12) T\u00faneles de precalentamiento, t\u00faneles de vapor compactos y t\u00faneles de calor\n<br>13) Alarmas, diagn\u00f3sticos, an\u00e1lisis de producci\u00f3n y Manual del usuario accesibles a trav\u00e9s de la HMI\n<br><br>Si te entusiasman estas innovaciones, ponte en contacto con nuestro equipo para saber m\u00e1s sobre NEOsleeve.\n\n#innovaci\u00f3nenempaquetado #automatizaci\u00f3n #dise\u00f1o #innovaci\u00f3n #m\u00e1quinasempaquetadoras<\/p>\t\t<\/div>\n\n\t\t\t\t\t\t<\/div>\n\t\t\t\t<\/div>\n\t\t\t\t\t<\/div>\n\t\t\t\t<\/div>\n\t\t\t\t\t<\/div>\n\t\t\t\t<\/div>\n\t\t\t\t\t<\/div>\n\t\t\t\t<\/div>\n\t\t\t\t<\/div>\n\t\t","protected":false},"excerpt":{"rendered":"<p>Acerca de Technoshell Nos esforzamos por ofrecer m\u00e1quinas excelentes a trav\u00e9s deInnovaci\u00f3n e ingenier\u00eda fiable, al tiempo que ofrecemos costes asequibles M\u00e1quinas de estampaci\u00f3n en caliente &#8211; Technoshell Automations | 07\u1d57\u02b0 Abril de 2024 \ud835\udddc\ud835\uddfb\ud835\ude01\ud835\uddff\ud835\uddfc\ud835\uddf1\ud835\ude02\ud835\uddf0\ud835\uddf6\ud835\uddfb\ud835\uddf4 \ud835\udde1\ud835\uddd8\ud835\udde2\ud835\ude00\ud835\uddf9\ud835\uddf2\ud835\uddf2\ud835\ude03\ud835\uddf2: \ud835\uddda\ud835\uddee\ud835\uddfa\ud835\uddf2\ud835\uddf0\ud835\uddf5\ud835\uddee\ud835\uddfb\ud835\uddf4\ud835\uddf2\ud835\uddff \ud835\uddf6\ud835\uddfb \ud835\ude00\ud835\uddf5\ud835\uddff\ud835\uddf6\ud835\uddfb\ud835\uddf8 \ud835\ude00\ud835\uddf9\ud835\uddf2\ud835\uddf2\ud835\ude03\ud835\uddf2 \ud835\uddee\ud835\uddfd\ud835\uddfd\ud835\uddf9\ud835\uddf6\ud835\uddf0\ud835\uddee\ud835\ude01\ud835\uddfc\ud835\uddff\ud835\ude00\u2728 Con nuestra historia de Aurum Packaging Systems Pvt Ltd, llevamos m\u00e1s de 2 d\u00e9cadas [&hellip;]<\/p>\n","protected":false},"author":191962353,"featured_media":0,"parent":0,"menu_order":0,"comment_status":"closed","ping_status":"closed","template":"","meta":{"tpgb_global_settings":"","_crdt_document":"","content-type":"","jetpack_post_was_ever_published":false,"footnotes":""},"class_list":["post-65953","page","type-page","status-publish","hentry"],"tpgb_featured_images":null,"tpgb_post_meta_info":{"get_date":"12 de abril de 2024","get_modified_date":"18 de agosto de 2025","author_name":"technoshell","author_url":"https:\/\/technoshell.com\/es\/author\/technoshellindia\/","author_email":"tanmay.baste@technoshell.com","author_website":"http:\/\/technoshellindia.wordpress.com","author_description":"","author_facebook":"","author_twitter":"","author_instagram":"","author_role":["administrator"],"author_firstname":"","author_lastname":"","user_login":"technoshellindia","author_avatar":"<img alt=\"Avatar De Technoshell\" src=\"https:\/\/secure.gravatar.com\/avatar\/fc452d74161408711041e2ece18f44fc199514596492b9a38cafd7720eca5bc1?s=200&#038;d=mm&#038;r=g\" srcset=\"https:\/\/secure.gravatar.com\/avatar\/fc452d74161408711041e2ece18f44fc199514596492b9a38cafd7720eca5bc1?s=400&#038;d=mm&#038;r=g 2x\" class=\"avatar avatar-200 photo\" height=\"200\" width=\"200\" decoding=\"async\">","author_avatar_url":"https:\/\/secure.gravatar.com\/avatar\/fc452d74161408711041e2ece18f44fc199514596492b9a38cafd7720eca5bc1?s=96&d=mm&r=g","comment_count":0,"post_likes":0,"post_views":0},"tpgb_post_category":[],"jetpack_likes_enabled":false,"jetpack_sharing_enabled":true,"jetpack_shortlink":"https:\/\/wp.me\/PfgU2L-h9L","jetpack-related-posts":[],"_links":{"self":[{"href":"https:\/\/technoshell.com\/es\/wp-json\/wp\/v2\/pages\/65953","targetHints":{"allow":["GET"]}}],"collection":[{"href":"https:\/\/technoshell.com\/es\/wp-json\/wp\/v2\/pages"}],"about":[{"href":"https:\/\/technoshell.com\/es\/wp-json\/wp\/v2\/types\/page"}],"author":[{"embeddable":true,"href":"https:\/\/technoshell.com\/es\/wp-json\/wp\/v2\/users\/191962353"}],"replies":[{"embeddable":true,"href":"https:\/\/technoshell.com\/es\/wp-json\/wp\/v2\/comments?post=65953"}],"version-history":[{"count":1,"href":"https:\/\/technoshell.com\/es\/wp-json\/wp\/v2\/pages\/65953\/revisions"}],"predecessor-version":[{"id":65958,"href":"https:\/\/technoshell.com\/es\/wp-json\/wp\/v2\/pages\/65953\/revisions\/65958"}],"wp:attachment":[{"href":"https:\/\/technoshell.com\/es\/wp-json\/wp\/v2\/media?parent=65953"}],"curies":[{"name":"wp","href":"https:\/\/api.w.org\/{rel}","templated":true}]}}