{"id":65949,"date":"2024-05-19T11:53:15","date_gmt":"2024-05-19T06:23:15","guid":{"rendered":"https:\/\/technoshell.com\/noticias-5\/"},"modified":"2025-08-18T12:08:58","modified_gmt":"2025-08-18T06:38:58","slug":"noticias-5","status":"publish","type":"page","link":"https:\/\/technoshell.com\/es\/noticias-5\/","title":{"rendered":"Noticias 5"},"content":{"rendered":"\t\t<div data-elementor-type=\"wp-page\" data-elementor-id=\"65949\" class=\"elementor elementor-65949 elementor-25951\" data-elementor-post-type=\"page\">\n\t\t\t\t<div data-particle_enable=\"false\" data-particle-mobile-disabled=\"false\" class=\"elementor-element elementor-element-906f561 e-con-full e-flex e-con e-parent\" data-id=\"906f561\" data-element_type=\"container\" data-e-type=\"container\">\n\t\t<div data-particle_enable=\"false\" data-particle-mobile-disabled=\"false\" class=\"elementor-element elementor-element-cb13dae e-flex e-con-boxed e-con e-child\" data-id=\"cb13dae\" data-element_type=\"container\" data-e-type=\"container\" data-settings=\"{&quot;background_background&quot;:&quot;classic&quot;}\">\n\t\t\t\t\t<div class=\"e-con-inner\">\n\t\t<div data-particle_enable=\"false\" data-particle-mobile-disabled=\"false\" class=\"elementor-element elementor-element-8384a9c e-con-full e-flex e-con e-child\" data-id=\"8384a9c\" data-element_type=\"container\" data-e-type=\"container\">\n\t\t\t\t<div class=\"elementor-element elementor-element-b24f7bf elementor-widget elementor-widget-text-editor\" data-id=\"b24f7bf\" data-element_type=\"widget\" data-e-type=\"widget\" data-widget_type=\"text-editor.default\">\n\t\t\t\t<div class=\"elementor-widget-container\">\n\t\t\t\t\t\t\t\t\t<p style=\"text-align: left;\"><span style=\"font-size: 36px;\"><span style=\"color: #ffffff;\"><b>Acerca de Technoshell<\/b><\/span><\/span><\/p>\t\t\t\t\t\t\t\t<\/div>\n\t\t\t\t<\/div>\n\t\t\t\t<\/div>\n\t\t<div data-particle_enable=\"false\" data-particle-mobile-disabled=\"false\" class=\"elementor-element elementor-element-468292e e-con-full e-flex e-con e-child\" data-id=\"468292e\" data-element_type=\"container\" data-e-type=\"container\">\n\t\t\t\t<div class=\"elementor-element elementor-element-b077ee8 elementor-hidden-mobile elementor-widget elementor-widget-text-editor\" data-id=\"b077ee8\" data-element_type=\"widget\" data-e-type=\"widget\" data-widget_type=\"text-editor.default\">\n\t\t\t\t<div class=\"elementor-widget-container\">\n\t\t\t\t\t\t\t\t\t<p><span style=\"font-size: 21px; color: #ffffff;\">Nos esforzamos por ofrecer <strong>m\u00e1quinas excelentes<\/strong> a trav\u00e9s de<br><strong>Innovaci\u00f3n e ingenier\u00eda fiable<\/strong>, al tiempo que ofrecemos <strong>costes asequibles<\/strong><\/span><\/p>\t\t\t\t\t\t\t\t<\/div>\n\t\t\t\t<\/div>\n\t\t\t\t<\/div>\n\t\t\t\t\t<\/div>\n\t\t\t\t<\/div>\n\t\t\t\t<\/div>\n\t\t<div data-particle_enable=\"false\" data-particle-mobile-disabled=\"false\" class=\"elementor-element elementor-element-1ceaafb e-flex e-con-boxed e-con e-parent\" data-id=\"1ceaafb\" data-element_type=\"container\" data-e-type=\"container\" data-settings=\"{&quot;background_background&quot;:&quot;classic&quot;}\">\n\t\t\t\t\t<div class=\"e-con-inner\">\n\t\t<div data-particle_enable=\"false\" data-particle-mobile-disabled=\"false\" class=\"elementor-element elementor-element-518904a e-flex e-con-boxed e-con e-child\" data-id=\"518904a\" data-element_type=\"container\" data-e-type=\"container\" data-settings=\"{&quot;background_background&quot;:&quot;classic&quot;}\">\n\t\t\t\t\t<div class=\"e-con-inner\">\n\t\t<div class=\"lqd-css-sticky elementor-element elementor-element-0417aa9 e-con-full e-flex e-con e-child\" style=\"top: auto; bottom: 30px;\" data-particle_enable=\"false\" data-particle-mobile-disabled=\"false\" data-id=\"0417aa9\" data-element_type=\"container\" data-e-type=\"container\">\n\t\t\t\t<div class=\"elementor-element elementor-element-f744923 elementor-widget__width-initial elementor-widget elementor-widget-ld_fancy_image\" data-id=\"f744923\" data-element_type=\"widget\" data-e-type=\"widget\" data-widget_type=\"ld_fancy_image.default\">\n\t\t\t\t<div class=\"elementor-widget-container\">\n\t\t\t\t\t\n\t\t<div class=\"lqd-imggrp-single d-block pos-rel \">\n\t\t\t<div class=\"lqd-imggrp-img-container d-inline-flex pos-rel align-items-center justify-content-center \">\n\t\t\t\t\t\t\t\t<figure class=\"w-100 pos-rel\">\n\t\t\t\t\t<img data-recalc-dims=\"1\" fetchpriority=\"high\" decoding=\"async\" width=\"780\" height=\"780\" src=\"https:\/\/i0.wp.com\/technoshell.com\/wp-content\/uploads\/2024\/05\/Linkedin-post.jpg?resize=780%2C780&#038;ssl=1\" class=\"attachment-full size-full wp-image-25963\" alt=\"Linkedin post\" srcset=\"https:\/\/i0.wp.com\/technoshell.com\/wp-content\/uploads\/2024\/05\/Linkedin-post.jpg?w=1080&amp;ssl=1 1080w, https:\/\/i0.wp.com\/technoshell.com\/wp-content\/uploads\/2024\/05\/Linkedin-post.jpg?resize=300%2C300&amp;ssl=1 300w, https:\/\/i0.wp.com\/technoshell.com\/wp-content\/uploads\/2024\/05\/Linkedin-post.jpg?resize=1024%2C1024&amp;ssl=1 1024w, https:\/\/i0.wp.com\/technoshell.com\/wp-content\/uploads\/2024\/05\/Linkedin-post.jpg?resize=150%2C150&amp;ssl=1 150w, https:\/\/i0.wp.com\/technoshell.com\/wp-content\/uploads\/2024\/05\/Linkedin-post.jpg?resize=320%2C320&amp;ssl=1 320w, https:\/\/i0.wp.com\/technoshell.com\/wp-content\/uploads\/2024\/05\/Linkedin-post.jpg?resize=760%2C760&amp;ssl=1 760w, https:\/\/i0.wp.com\/technoshell.com\/wp-content\/uploads\/2024\/05\/Linkedin-post.jpg?resize=800%2C800&amp;ssl=1 800w, https:\/\/i0.wp.com\/technoshell.com\/wp-content\/uploads\/2024\/05\/Linkedin-post.jpg?resize=600%2C600&amp;ssl=1 600w, https:\/\/i0.wp.com\/technoshell.com\/wp-content\/uploads\/2024\/05\/Linkedin-post.jpg?resize=400%2C400&amp;ssl=1 400w, https:\/\/i0.wp.com\/technoshell.com\/wp-content\/uploads\/2024\/05\/Linkedin-post.jpg?resize=200%2C200&amp;ssl=1 200w\" sizes=\"(max-width: 780px) 100vw, 780px\" data-attachment-id=\"25963\" data-permalink=\"https:\/\/technoshell.com\/es\/news-5\/linkedin-post\/\" data-orig-file=\"https:\/\/technoshell.com\/wp-content\/uploads\/2024\/05\/Linkedin-post.jpg\" data-orig-size=\"1080,1080\" data-comments-opened=\"1\" data-image-meta=\"{&quot;aperture&quot;:&quot;0&quot;,&quot;credit&quot;:&quot;&quot;,&quot;camera&quot;:&quot;&quot;,&quot;caption&quot;:&quot;&quot;,&quot;created_timestamp&quot;:&quot;0&quot;,&quot;copyright&quot;:&quot;&quot;,&quot;focal_length&quot;:&quot;0&quot;,&quot;iso&quot;:&quot;0&quot;,&quot;shutter_speed&quot;:&quot;0&quot;,&quot;title&quot;:&quot;Linkedin post&quot;,&quot;orientation&quot;:&quot;0&quot;}\" data-image-title=\"Linkedin post\" data-image-description=\"&lt;p&gt;Linkedin post&lt;\/p&gt;\n\" data-image-caption=\"&lt;p&gt;Linkedin post&lt;\/p&gt;\n\" data-large-file=\"https:\/\/technoshell.com\/wp-content\/uploads\/2024\/05\/Linkedin-post-1024x1024.jpg\" itemprop=\"image\" title=\"\">\t\t\t\t\t\t\t\t\t\t\t\t\t\t\t\t\t\t\t\t\t\t\t\t\t\t\t\t\t<\/figure>\n\t\t\t<\/div>\n\t\t<\/div>\n\n\t\t\t\t\t<\/div>\n\t\t\t\t<\/div>\n\t\t\t\t<div class=\"elementor-element elementor-element-c32be66 elementor-widget-tablet__width-initial elementor-absolute elementor-widget elementor-widget-hub_fancy_heading\" data-id=\"c32be66\" data-element_type=\"widget\" data-e-type=\"widget\" data-settings=\"{&quot;_position&quot;:&quot;absolute&quot;}\" data-widget_type=\"hub_fancy_heading.default\">\n\t\t\t\t<div class=\"elementor-widget-container\">\n\t\t\t\t\t\n\t\t<div id=\"ld-fancy-heading-69da0ad0eee49\" class=\"ld-fancy-heading pos-rel\">\n\t\t\t<p class=\"ld-fh-element d-inline-block pos-rel  lqd-highlight-classic lqd-highlight-grow-left text-vertical p\"  > <span class=\"h3\" style=\"font-size: inherit\">Celebrando 5000 seguidores<\/span> <\/p>\t\t<\/div>\n\n\t\t\t\t\t\t<\/div>\n\t\t\t\t<\/div>\n\t\t\t\t<\/div>\n\t\t<div data-custom-animations=\"true\" data-ca-options=\"{&quot;addChildTimelines&quot;:false,&quot;trigger&quot;:&quot;firstChild&quot;,&quot;animationTarget&quot;:&quot;:scope .e-con-inner &gt; .elementor-element:not(.lqd-exclude-parent-ca) &gt; .elementor-widget-container, :scope .e-con-inner &gt; .elementor-widget-hub_fancy_heading .lqd-split-lines .lqd-lines .split-inner, :scope .e-con-inner &gt; .elementor-widget-hub_fancy_heading .lqd-split-words .lqd-words .split-inner, :scope .e-con-inner &gt; .elementor-widget-hub_fancy_heading .lqd-split-chars .lqd-chars .split-inner, :scope .e-con-inner &gt; .elementor-widget-hub_fancy_heading .lqd-adv-txt-fig, :scope .e-con-inner &gt; .elementor-widget-ld_custom_menu .lqd-fancy-menu &gt; ul &gt; li, :scope .e-con:not([data-parallax]) .elementor-element &gt; .elementor-widget-container, :scope .e-con:not([data-parallax]) .elementor-widget-hub_fancy_heading .lqd-split-lines .lqd-lines .split-inner, :scope .e-con:not([data-parallax]) .elementor-widget-hub_fancy_heading .lqd-split-words .lqd-words .split-inner, :scope .e-con:not([data-parallax]) .elementor-widget-hub_fancy_heading .lqd-split-chars .lqd-chars .split-inner, :scope .e-con:not([data-parallax]) .elementor-widget-ld_custom_menu .lqd-fancy-menu &gt; ul &gt; li&quot;,&quot;startDelay&quot;:300,&quot;ease&quot;:[&quot;power4.out&quot;],&quot;initValues&quot;:{&quot;y&quot;:&quot;40px&quot;,&quot;opacity&quot;:0,&quot;transformOrigin&quot;:&quot;50% 50% 0px&quot;},&quot;animations&quot;:{&quot;y&quot;:&quot;0px&quot;,&quot;opacity&quot;:1,&quot;transformOrigin&quot;:&quot;50% 50% 0px&quot;}}\" data-particle_enable=\"false\" data-particle-mobile-disabled=\"false\" class=\"elementor-element elementor-element-e039231 e-flex e-con-boxed e-con e-child\" data-id=\"e039231\" data-element_type=\"container\" data-e-type=\"container\">\n\t\t\t\t\t<div class=\"e-con-inner\">\n\t\t\t\t<div class=\"elementor-element elementor-element-6dea839 elementor-widget elementor-widget-hub_fancy_heading\" data-id=\"6dea839\" data-element_type=\"widget\" data-e-type=\"widget\" data-widget_type=\"hub_fancy_heading.default\">\n\t\t\t\t<div class=\"elementor-widget-container\">\n\t\t\t\t\t\n\t\t<div id=\"ld-fancy-heading-69da0ad0f0e29\" class=\"ld-fancy-heading pos-rel\">\n\t\t\t<h6 class=\"ld-fh-element d-inline-block pos-rel  elementor-heading-title lqd-highlight-classic lqd-highlight-grow-left h6\"  > - Technoshell Automations | 15\u1d57\u02b0 mayo de 2024<\/h6>\t\t<\/div>\n\n\t\t\t\t\t\t<\/div>\n\t\t\t\t<\/div>\n\t\t\t\t<div class=\"elementor-element elementor-element-3283f4d elementor-widget elementor-widget-hub_fancy_heading\" data-id=\"3283f4d\" data-element_type=\"widget\" data-e-type=\"widget\" data-widget_type=\"hub_fancy_heading.default\">\n\t\t\t\t<div class=\"elementor-widget-container\">\n\t\t\t\t\t\n\t\t<div id=\"ld-fancy-heading-69da0ad0f28fa\" class=\"ld-fancy-heading pos-rel\">\n\t\t\t<h2 class=\"ld-fh-element d-inline-block pos-rel  elementor-heading-title lqd-highlight-classic lqd-highlight-grow-left h2\"  > Celebrando 5000 seguidores<\/h2>\t\t<\/div>\n\n\t\t\t\t\t\t<\/div>\n\t\t\t\t<\/div>\n\t\t\t\t<div class=\"elementor-element elementor-element-1aed6b3 elementor-widget elementor-widget-hub_fancy_heading\" data-id=\"1aed6b3\" data-element_type=\"widget\" data-e-type=\"widget\" data-widget_type=\"hub_fancy_heading.default\">\n\t\t\t\t<div class=\"elementor-widget-container\">\n\t\t\t\t\t\n\t\t<div id=\"ld-fancy-heading-69da0ad100a7f\" class=\"ld-fancy-heading pos-rel\">\n\t\t\t<p class=\"ld-fh-element d-inline-block pos-rel  lqd-highlight-classic lqd-highlight-grow-left p\"  > \u00a1Celebramos 5000 seguidores en LinkedIn! \u00a1Gracias! \n\n<br><br>Estamos encantados de anunciar que Technoshell Automations ha alcanzado un hito incre\u00edble: \u00a15.000 seguidores en LinkedIn! \ud83d\ude80\n\n<br><br>Este logro es testimonio del notable apoyo y compromiso de cada uno de vosotros. Estamos verdaderamente agradecidos por vuestra confianza e inter\u00e9s en nuestro viaje. Vuestros \"me gusta\", comentarios y comparticiones han contribuido significativamente a nuestro crecimiento y \u00e9xito.  \n\n<br><br>Al celebrar este hito, queremos dar las gracias de todo coraz\u00f3n a todos nuestros seguidores. Vuestro continuo apoyo nos motiva a luchar por la excelencia y a innovar en el campo de la automatizaci\u00f3n. Nos comprometemos a compartir contigo valiosos puntos de vista, tendencias del sector y las \u00faltimas actualizaciones, y esperamos alcanzar muchos m\u00e1s hitos juntos.  \n\n<br><br>Mantente en contacto con nosotros para conocer m\u00e1s noticias y acontecimientos emocionantes. \u00a1Por los pr\u00f3ximos 5000! \ud83c\udf89\n\n<br><br>Gracias una vez m\u00e1s por ser una parte esencial de la comunidad de Technoshell Automations.<\/p>\t\t<\/div>\n\n\t\t\t\t\t\t<\/div>\n\t\t\t\t<\/div>\n\t\t\t\t\t<\/div>\n\t\t\t\t<\/div>\n\t\t\t\t\t<\/div>\n\t\t\t\t<\/div>\n\t\t\t\t\t<\/div>\n\t\t\t\t<\/div>\n\t\t\t\t<\/div>\n\t\t","protected":false},"excerpt":{"rendered":"<p>Acerca de Technoshell Nos esforzamos por ofrecer m\u00e1quinas excelentes a trav\u00e9s deInnovaci\u00f3n e ingenier\u00eda fiable, al tiempo que ofrecemos costes asequibles Celebrando 5000 seguidores &#8211; Technoshell Automations | 15\u1d57\u02b0 mayo de 2024 Celebrando 5000 seguidores \u00a1Celebramos 5000 seguidores en LinkedIn! \u00a1Gracias! Estamos encantados de anunciar que Technoshell Automations ha alcanzado un hito incre\u00edble: \u00a15.000 seguidores [&hellip;]<\/p>\n","protected":false},"author":191962353,"featured_media":0,"parent":0,"menu_order":0,"comment_status":"closed","ping_status":"closed","template":"","meta":{"tpgb_global_settings":"","_crdt_document":"","content-type":"","jetpack_post_was_ever_published":false,"footnotes":""},"class_list":["post-65949","page","type-page","status-publish","hentry"],"tpgb_featured_images":null,"tpgb_post_meta_info":{"get_date":"19 de mayo de 2024","get_modified_date":"18 de agosto de 2025","author_name":"technoshell","author_url":"https:\/\/technoshell.com\/es\/author\/technoshellindia\/","author_email":"tanmay.baste@technoshell.com","author_website":"http:\/\/technoshellindia.wordpress.com","author_description":"","author_facebook":"","author_twitter":"","author_instagram":"","author_role":["administrator"],"author_firstname":"","author_lastname":"","user_login":"technoshellindia","author_avatar":"<img alt=\"Avatar De Technoshell\" src=\"https:\/\/secure.gravatar.com\/avatar\/fc452d74161408711041e2ece18f44fc199514596492b9a38cafd7720eca5bc1?s=200&#038;d=mm&#038;r=g\" srcset=\"https:\/\/secure.gravatar.com\/avatar\/fc452d74161408711041e2ece18f44fc199514596492b9a38cafd7720eca5bc1?s=400&#038;d=mm&#038;r=g 2x\" class=\"avatar avatar-200 photo\" height=\"200\" width=\"200\" decoding=\"async\">","author_avatar_url":"https:\/\/secure.gravatar.com\/avatar\/fc452d74161408711041e2ece18f44fc199514596492b9a38cafd7720eca5bc1?s=96&d=mm&r=g","comment_count":0,"post_likes":0,"post_views":0},"tpgb_post_category":[],"jetpack_likes_enabled":false,"jetpack_sharing_enabled":true,"jetpack_shortlink":"https:\/\/wp.me\/PfgU2L-h9H","jetpack-related-posts":[],"_links":{"self":[{"href":"https:\/\/technoshell.com\/es\/wp-json\/wp\/v2\/pages\/65949","targetHints":{"allow":["GET"]}}],"collection":[{"href":"https:\/\/technoshell.com\/es\/wp-json\/wp\/v2\/pages"}],"about":[{"href":"https:\/\/technoshell.com\/es\/wp-json\/wp\/v2\/types\/page"}],"author":[{"embeddable":true,"href":"https:\/\/technoshell.com\/es\/wp-json\/wp\/v2\/users\/191962353"}],"replies":[{"embeddable":true,"href":"https:\/\/technoshell.com\/es\/wp-json\/wp\/v2\/comments?post=65949"}],"version-history":[{"count":1,"href":"https:\/\/technoshell.com\/es\/wp-json\/wp\/v2\/pages\/65949\/revisions"}],"predecessor-version":[{"id":65956,"href":"https:\/\/technoshell.com\/es\/wp-json\/wp\/v2\/pages\/65949\/revisions\/65956"}],"wp:attachment":[{"href":"https:\/\/technoshell.com\/es\/wp-json\/wp\/v2\/media?parent=65949"}],"curies":[{"name":"wp","href":"https:\/\/api.w.org\/{rel}","templated":true}]}}